{"id":2032,"date":"2022-10-19T09:27:52","date_gmt":"2022-10-19T09:27:52","guid":{"rendered":"https:\/\/tgmsrl.com\/settori-produttivi-di-applicazione\/aeronautica\/"},"modified":"2025-09-03T14:39:59","modified_gmt":"2025-09-03T14:39:59","slug":"luft-und-raumfahrt","status":"publish","type":"page","link":"https:\/\/tgmmeccanicadiprecisione.it\/de\/anwendungssektoren\/luft-und-raumfahrt\/","title":{"rendered":"Luft- und Raumfahrt"},"content":{"rendered":"\n<h2 class=\"wp-block-heading\">Der Luftfahrtsektor erfordert spezielle Materialien und eine sehr strenge Qualit\u00e4tskontrolle.<\/h2>\n\n\n\n<p>Unsere Erfahrung in diesem Sektor hat es uns erm\u00f6glicht, uns einer Realit\u00e4t zu stellen, die unweigerlich zu Verbesserungen bei den Ausr\u00fcstungen, Verfahren, Methoden und Kontrollen f\u00fchrt.<br>Die Lieferung von mechanischen Bauteilen an die Luftfahrtindustrie erfordert eine gute Kenntnis der speziellen Werkstoffe (die in diesem Sektor erforderlich sind) und der Werkzeuge, die bei den verschiedenen Bearbeitungsvorg\u00e4ngen eingesetzt werden m\u00fcssen.<br>Vor allem in diesem Sektor muss das Personal motiviert und geschult sein und sich der Bedeutung seiner Arbeit im Unternehmen bewusst sein, mit dem Ziel, fehlerfreie Komponenten zu bearbeiten und herzustellen.<br>In diesem Sektor, in dem Gewissheit erforderlich ist, wird die Qualit\u00e4tskontrolle nicht stichprobenartig, sondern bei 100 % der Teile durchgef\u00fchrt.<br>Auch die Verpackung dieser mechanischen Bauteile muss genau und sicher sein, um Transportsch\u00e4den an den Produkten zu vermeiden.<\/p>\n\n\n\n<div style=\"height:50px\" aria-hidden=\"true\" class=\"wp-block-spacer\"><\/div>\n\n\n\n<figure class=\"wp-block-gallery has-nested-images columns-2 is-cropped wp-block-gallery-1 is-layout-flex wp-block-gallery-is-layout-flex\">\n<figure class=\"wp-block-image size-large\"><img loading=\"lazy\" decoding=\"async\" width=\"1024\" height=\"555\" data-id=\"654\" src=\"https:\/\/tgmmeccanicadiprecisione.it\/wp-content\/uploads\/2022\/11\/Aeronautica-1024x555.jpg\" alt=\"\" class=\"wp-image-654\" srcset=\"https:\/\/tgmmeccanicadiprecisione.it\/wp-content\/uploads\/2022\/11\/Aeronautica-1024x555.jpg 1024w, https:\/\/tgmmeccanicadiprecisione.it\/wp-content\/uploads\/2022\/11\/Aeronautica-980x531.jpg 980w, https:\/\/tgmmeccanicadiprecisione.it\/wp-content\/uploads\/2022\/11\/Aeronautica-480x260.jpg 480w\" sizes=\"auto, (min-width: 0px) and (max-width: 480px) 480px, (min-width: 481px) and (max-width: 980px) 980px, (min-width: 981px) 1024px, 100vw\" \/><\/figure>\n\n\n\n<figure class=\"wp-block-image size-large\"><img loading=\"lazy\" decoding=\"async\" width=\"900\" height=\"600\" data-id=\"663\" src=\"https:\/\/tgmmeccanicadiprecisione.it\/wp-content\/uploads\/2022\/11\/Aeronautica3.jpg\" alt=\"\" class=\"wp-image-663\" srcset=\"https:\/\/tgmmeccanicadiprecisione.it\/wp-content\/uploads\/2022\/11\/Aeronautica3.jpg 900w, https:\/\/tgmmeccanicadiprecisione.it\/wp-content\/uploads\/2022\/11\/Aeronautica3-480x320.jpg 480w\" sizes=\"auto, (min-width: 0px) and (max-width: 480px) 480px, (min-width: 481px) 900px, 100vw\" \/><\/figure>\n\n\n\n<figure class=\"wp-block-image size-large\"><img loading=\"lazy\" decoding=\"async\" width=\"900\" height=\"600\" data-id=\"653\" src=\"https:\/\/tgmmeccanicadiprecisione.it\/wp-content\/uploads\/2022\/11\/Aeronautica1.jpg\" alt=\"\" class=\"wp-image-653\" srcset=\"https:\/\/tgmmeccanicadiprecisione.it\/wp-content\/uploads\/2022\/11\/Aeronautica1.jpg 900w, https:\/\/tgmmeccanicadiprecisione.it\/wp-content\/uploads\/2022\/11\/Aeronautica1-480x320.jpg 480w\" sizes=\"auto, (min-width: 0px) and (max-width: 480px) 480px, (min-width: 481px) 900px, 100vw\" \/><\/figure>\n\n\n\n<figure class=\"wp-block-image size-large\"><img loading=\"lazy\" decoding=\"async\" width=\"900\" height=\"600\" data-id=\"652\" src=\"https:\/\/tgmmeccanicadiprecisione.it\/wp-content\/uploads\/2022\/11\/Aeronautica2.jpg\" alt=\"\" class=\"wp-image-652\" srcset=\"https:\/\/tgmmeccanicadiprecisione.it\/wp-content\/uploads\/2022\/11\/Aeronautica2.jpg 900w, https:\/\/tgmmeccanicadiprecisione.it\/wp-content\/uploads\/2022\/11\/Aeronautica2-480x320.jpg 480w\" sizes=\"auto, (min-width: 0px) and (max-width: 480px) 480px, (min-width: 481px) 900px, 100vw\" \/><\/figure>\n<\/figure>\n","protected":false},"excerpt":{"rendered":"<p>Der Luftfahrtsektor erfordert spezielle Materialien und eine sehr strenge Qualit\u00e4tskontrolle. Unsere Erfahrung in diesem Sektor hat es uns erm\u00f6glicht, uns einer Realit\u00e4t zu stellen, die unweigerlich zu Verbesserungen bei den Ausr\u00fcstungen, Verfahren, Methoden und Kontrollen f\u00fchrt.Die Lieferung von mechanischen Bauteilen an die Luftfahrtindustrie erfordert eine gute Kenntnis der speziellen Werkstoffe (die in diesem Sektor erforderlich [&hellip;]<\/p>\n","protected":false},"author":1,"featured_media":1682,"parent":2009,"menu_order":0,"comment_status":"closed","ping_status":"closed","template":"","meta":{"_et_pb_use_builder":"off","_et_pb_old_content":"","_et_gb_content_width":"","footnotes":""},"class_list":["post-2032","page","type-page","status-publish","has-post-thumbnail","hentry"],"yoast_head":"<!-- This site is optimized with the Yoast SEO plugin v20.1 - https:\/\/yoast.com\/wordpress\/plugins\/seo\/ -->\n<title>Mechanische Komponenten f\u00fcr die Luftfahrtindustrie &mdash; TGM<\/title>\n<meta name=\"description\" content=\"Mechanische Komponenten f\u00fcr die LuftfahrtindustrieWir unterst\u00fctzen die Luft- und Raumfahrtindustrie bei der Herstellung mechanischer Komponenten. Zuverl\u00e4ssige L\u00f6sungen, h\u00f6chste Qualit\u00e4t und zertifizierter Service f\u00fcr jeden Bedarf.\" \/>\n<meta name=\"robots\" content=\"index, follow, max-snippet:-1, max-image-preview:large, max-video-preview:-1\" \/>\n<link rel=\"canonical\" href=\"https:\/\/www.tgmsrl.com\/de\/anwendungssektoren\/luft-und-raumfahrt\/\" \/>\n<meta property=\"og:locale\" content=\"de_DE\" \/>\n<meta property=\"og:type\" content=\"article\" \/>\n<meta property=\"og:title\" content=\"Mechanische Komponenten f\u00fcr die Luftfahrtindustrie &mdash; TGM\" \/>\n<meta property=\"og:description\" content=\"Mechanische Komponenten f\u00fcr die LuftfahrtindustrieWir unterst\u00fctzen die Luft- und Raumfahrtindustrie bei der Herstellung mechanischer Komponenten. Zuverl\u00e4ssige L\u00f6sungen, h\u00f6chste Qualit\u00e4t und zertifizierter Service f\u00fcr jeden Bedarf.\" \/>\n<meta property=\"og:url\" content=\"https:\/\/www.tgmsrl.com\/de\/anwendungssektoren\/luft-und-raumfahrt\/\" \/>\n<meta property=\"og:site_name\" content=\"TGM\" \/>\n<meta property=\"article:modified_time\" content=\"2025-09-03T14:39:59+00:00\" \/>\n<meta property=\"og:image\" content=\"https:\/\/www.tgmsrl.com\/wp-content\/uploads\/2022\/10\/Aeronautica-1-scaled.jpg\" \/>\n\t<meta property=\"og:image:width\" content=\"2560\" \/>\n\t<meta property=\"og:image:height\" content=\"913\" \/>\n\t<meta property=\"og:image:type\" content=\"image\/jpeg\" \/>\n<script type=\"application\/ld+json\" class=\"yoast-schema-graph\">{\"@context\":\"https:\/\/schema.org\",\"@graph\":[{\"@type\":\"WebPage\",\"@id\":\"https:\/\/www.tgmsrl.com\/de\/anwendungssektoren\/luft-und-raumfahrt\/\",\"url\":\"https:\/\/www.tgmsrl.com\/de\/anwendungssektoren\/luft-und-raumfahrt\/\",\"name\":\"Mechanische Komponenten f\u00fcr die Luftfahrtindustrie &mdash; TGM\",\"isPartOf\":{\"@id\":\"https:\/\/tgmmeccanicadiprecisione.it\/#website\"},\"datePublished\":\"2022-10-19T09:27:52+00:00\",\"dateModified\":\"2025-09-03T14:39:59+00:00\",\"description\":\"Mechanische Komponenten f\u00fcr die LuftfahrtindustrieWir unterst\u00fctzen die Luft- und Raumfahrtindustrie bei der Herstellung mechanischer Komponenten. Zuverl\u00e4ssige L\u00f6sungen, h\u00f6chste Qualit\u00e4t und zertifizierter Service f\u00fcr jeden Bedarf.\",\"breadcrumb\":{\"@id\":\"https:\/\/www.tgmsrl.com\/de\/anwendungssektoren\/luft-und-raumfahrt\/#breadcrumb\"},\"inLanguage\":\"de\",\"potentialAction\":[{\"@type\":\"ReadAction\",\"target\":[\"https:\/\/www.tgmsrl.com\/de\/anwendungssektoren\/luft-und-raumfahrt\/\"]}]},{\"@type\":\"BreadcrumbList\",\"@id\":\"https:\/\/www.tgmsrl.com\/de\/anwendungssektoren\/luft-und-raumfahrt\/#breadcrumb\",\"itemListElement\":[{\"@type\":\"ListItem\",\"position\":1,\"name\":\"Home\",\"item\":\"https:\/\/www.tgmsrl.com\/de\/\"},{\"@type\":\"ListItem\",\"position\":2,\"name\":\"Anwendungssektoren\",\"item\":\"https:\/\/www.tgmsrl.com\/de\/anwendungssektoren\/\"},{\"@type\":\"ListItem\",\"position\":3,\"name\":\"Luft- und Raumfahrt\"}]},{\"@type\":\"WebSite\",\"@id\":\"https:\/\/tgmmeccanicadiprecisione.it\/#website\",\"url\":\"https:\/\/tgmmeccanicadiprecisione.it\/\",\"name\":\"TGM\",\"description\":\"Lavorazioni meccaniche di precisione\",\"publisher\":{\"@id\":\"https:\/\/tgmmeccanicadiprecisione.it\/#organization\"},\"alternateName\":\"TGM Meccanica di precisione\",\"potentialAction\":[{\"@type\":\"SearchAction\",\"target\":{\"@type\":\"EntryPoint\",\"urlTemplate\":\"https:\/\/tgmmeccanicadiprecisione.it\/?s={search_term_string}\"},\"query-input\":\"required name=search_term_string\"}],\"inLanguage\":\"de\"},{\"@type\":\"Organization\",\"@id\":\"https:\/\/tgmmeccanicadiprecisione.it\/#organization\",\"name\":\"TGM\",\"alternateName\":\"TGM Lavorazioni meccaniche di precisione\",\"url\":\"https:\/\/tgmmeccanicadiprecisione.it\/\",\"logo\":{\"@type\":\"ImageObject\",\"inLanguage\":\"de\",\"@id\":\"https:\/\/tgmmeccanicadiprecisione.it\/#\/schema\/logo\/image\/\",\"url\":\"https:\/\/tgmsrl.com\/wp-content\/uploads\/2022\/12\/cropped-logo-icona-sito.png\",\"contentUrl\":\"https:\/\/tgmsrl.com\/wp-content\/uploads\/2022\/12\/cropped-logo-icona-sito.png\",\"width\":512,\"height\":512,\"caption\":\"TGM\"},\"image\":{\"@id\":\"https:\/\/tgmmeccanicadiprecisione.it\/#\/schema\/logo\/image\/\"}}]}<\/script>\n<!-- \/ Yoast SEO plugin. -->","yoast_head_json":{"title":"Mechanische Komponenten f\u00fcr die Luftfahrtindustrie &mdash; TGM","description":"Mechanische Komponenten f\u00fcr die LuftfahrtindustrieWir unterst\u00fctzen die Luft- und Raumfahrtindustrie bei der Herstellung mechanischer Komponenten. Zuverl\u00e4ssige L\u00f6sungen, h\u00f6chste Qualit\u00e4t und zertifizierter Service f\u00fcr jeden Bedarf.","robots":{"index":"index","follow":"follow","max-snippet":"max-snippet:-1","max-image-preview":"max-image-preview:large","max-video-preview":"max-video-preview:-1"},"canonical":"https:\/\/www.tgmsrl.com\/de\/anwendungssektoren\/luft-und-raumfahrt\/","og_locale":"de_DE","og_type":"article","og_title":"Mechanische Komponenten f\u00fcr die Luftfahrtindustrie &mdash; TGM","og_description":"Mechanische Komponenten f\u00fcr die LuftfahrtindustrieWir unterst\u00fctzen die Luft- und Raumfahrtindustrie bei der Herstellung mechanischer Komponenten. Zuverl\u00e4ssige L\u00f6sungen, h\u00f6chste Qualit\u00e4t und zertifizierter Service f\u00fcr jeden Bedarf.","og_url":"https:\/\/www.tgmsrl.com\/de\/anwendungssektoren\/luft-und-raumfahrt\/","og_site_name":"TGM","article_modified_time":"2025-09-03T14:39:59+00:00","og_image":[{"width":2560,"height":913,"url":"https:\/\/www.tgmsrl.com\/wp-content\/uploads\/2022\/10\/Aeronautica-1-scaled.jpg","type":"image\/jpeg"}],"schema":{"@context":"https:\/\/schema.org","@graph":[{"@type":"WebPage","@id":"https:\/\/www.tgmsrl.com\/de\/anwendungssektoren\/luft-und-raumfahrt\/","url":"https:\/\/www.tgmsrl.com\/de\/anwendungssektoren\/luft-und-raumfahrt\/","name":"Mechanische Komponenten f\u00fcr die Luftfahrtindustrie &mdash; TGM","isPartOf":{"@id":"https:\/\/tgmmeccanicadiprecisione.it\/#website"},"datePublished":"2022-10-19T09:27:52+00:00","dateModified":"2025-09-03T14:39:59+00:00","description":"Mechanische Komponenten f\u00fcr die LuftfahrtindustrieWir unterst\u00fctzen die Luft- und Raumfahrtindustrie bei der Herstellung mechanischer Komponenten. Zuverl\u00e4ssige L\u00f6sungen, h\u00f6chste Qualit\u00e4t und zertifizierter Service f\u00fcr jeden Bedarf.","breadcrumb":{"@id":"https:\/\/www.tgmsrl.com\/de\/anwendungssektoren\/luft-und-raumfahrt\/#breadcrumb"},"inLanguage":"de","potentialAction":[{"@type":"ReadAction","target":["https:\/\/www.tgmsrl.com\/de\/anwendungssektoren\/luft-und-raumfahrt\/"]}]},{"@type":"BreadcrumbList","@id":"https:\/\/www.tgmsrl.com\/de\/anwendungssektoren\/luft-und-raumfahrt\/#breadcrumb","itemListElement":[{"@type":"ListItem","position":1,"name":"Home","item":"https:\/\/www.tgmsrl.com\/de\/"},{"@type":"ListItem","position":2,"name":"Anwendungssektoren","item":"https:\/\/www.tgmsrl.com\/de\/anwendungssektoren\/"},{"@type":"ListItem","position":3,"name":"Luft- und Raumfahrt"}]},{"@type":"WebSite","@id":"https:\/\/tgmmeccanicadiprecisione.it\/#website","url":"https:\/\/tgmmeccanicadiprecisione.it\/","name":"TGM","description":"Lavorazioni meccaniche di precisione","publisher":{"@id":"https:\/\/tgmmeccanicadiprecisione.it\/#organization"},"alternateName":"TGM Meccanica di precisione","potentialAction":[{"@type":"SearchAction","target":{"@type":"EntryPoint","urlTemplate":"https:\/\/tgmmeccanicadiprecisione.it\/?s={search_term_string}"},"query-input":"required name=search_term_string"}],"inLanguage":"de"},{"@type":"Organization","@id":"https:\/\/tgmmeccanicadiprecisione.it\/#organization","name":"TGM","alternateName":"TGM Lavorazioni meccaniche di precisione","url":"https:\/\/tgmmeccanicadiprecisione.it\/","logo":{"@type":"ImageObject","inLanguage":"de","@id":"https:\/\/tgmmeccanicadiprecisione.it\/#\/schema\/logo\/image\/","url":"https:\/\/tgmsrl.com\/wp-content\/uploads\/2022\/12\/cropped-logo-icona-sito.png","contentUrl":"https:\/\/tgmsrl.com\/wp-content\/uploads\/2022\/12\/cropped-logo-icona-sito.png","width":512,"height":512,"caption":"TGM"},"image":{"@id":"https:\/\/tgmmeccanicadiprecisione.it\/#\/schema\/logo\/image\/"}}]}},"_links":{"self":[{"href":"https:\/\/tgmmeccanicadiprecisione.it\/de\/wp-json\/wp\/v2\/pages\/2032","targetHints":{"allow":["GET"]}}],"collection":[{"href":"https:\/\/tgmmeccanicadiprecisione.it\/de\/wp-json\/wp\/v2\/pages"}],"about":[{"href":"https:\/\/tgmmeccanicadiprecisione.it\/de\/wp-json\/wp\/v2\/types\/page"}],"author":[{"embeddable":true,"href":"https:\/\/tgmmeccanicadiprecisione.it\/de\/wp-json\/wp\/v2\/users\/1"}],"replies":[{"embeddable":true,"href":"https:\/\/tgmmeccanicadiprecisione.it\/de\/wp-json\/wp\/v2\/comments?post=2032"}],"version-history":[{"count":5,"href":"https:\/\/tgmmeccanicadiprecisione.it\/de\/wp-json\/wp\/v2\/pages\/2032\/revisions"}],"predecessor-version":[{"id":2038,"href":"https:\/\/tgmmeccanicadiprecisione.it\/de\/wp-json\/wp\/v2\/pages\/2032\/revisions\/2038"}],"up":[{"embeddable":true,"href":"https:\/\/tgmmeccanicadiprecisione.it\/de\/wp-json\/wp\/v2\/pages\/2009"}],"wp:featuredmedia":[{"embeddable":true,"href":"https:\/\/tgmmeccanicadiprecisione.it\/de\/wp-json\/wp\/v2\/media\/1682"}],"wp:attachment":[{"href":"https:\/\/tgmmeccanicadiprecisione.it\/de\/wp-json\/wp\/v2\/media?parent=2032"}],"curies":[{"name":"wp","href":"https:\/\/api.w.org\/{rel}","templated":true}]}}