{"id":1951,"date":"2022-10-19T09:29:24","date_gmt":"2022-10-19T09:29:24","guid":{"rendered":"https:\/\/tgmsrl.com\/tgm-qualitaetslieferant-fuer-mechanische-praezisionsbearbeitung\/qualita-gestione-del-processo-produttivo\/"},"modified":"2025-09-03T14:30:48","modified_gmt":"2025-09-03T14:30:48","slug":"qualitaets-und-produktionsprozessmanagement","status":"publish","type":"page","link":"https:\/\/tgmmeccanicadiprecisione.it\/de\/tgm-qualitaetslieferant-fuer-mechanische-praezisionsbearbeitung\/qualitaets-und-produktionsprozessmanagement\/","title":{"rendered":"Qualit\u00e4ts- und Produktionsprozessmanagement"},"content":{"rendered":"\n<div class=\"wp-block-columns is-layout-flex wp-container-core-columns-is-layout-9d6595d7 wp-block-columns-is-layout-flex\">\n<div class=\"wp-block-column is-layout-flow wp-block-column-is-layout-flow\">\n<p>Das Wort Qualit\u00e4t begleitet uns t\u00e4glich in allen unseren Produktionsprozessen. Innerbetriebliche Pr\u00fcfungen zur Kontrolle der Abmessungen und der Metallurgie garantieren die Qualit\u00e4t der Produktion und die Einhaltung der in den entsprechenden Kundenhandb\u00fcchern geforderten Standards. Je nach Bedarf k\u00f6nnen wir Stichprobenkontrollen f\u00fcr jedes mechanische Bauteil in der Produktion durchf\u00fchren und dabei die Art und H\u00e4ufigkeit der Kontrollen und \u00dcberpr\u00fcfungen festlegen; oder wir k\u00f6nnen 100%ige Kontrollen organisieren, bei denen jedes Teil in seinen einzelnen Ma\u00dfen und Toleranzen gepr\u00fcft wird und nur bei \u00dcbereinstimmung mit allen Anforderungen freigegeben wird.<\/p>\n<\/div>\n\n\n\n<div class=\"wp-block-column is-layout-flow wp-block-column-is-layout-flow\">\n<figure class=\"wp-block-image size-full\"><img loading=\"lazy\" decoding=\"async\" width=\"900\" height=\"600\" src=\"https:\/\/tgmmeccanicadiprecisione.it\/wp-content\/uploads\/2022\/11\/qualita3.jpg\" alt=\"\" class=\"wp-image-739\" srcset=\"https:\/\/tgmmeccanicadiprecisione.it\/wp-content\/uploads\/2022\/11\/qualita3.jpg 900w, https:\/\/tgmmeccanicadiprecisione.it\/wp-content\/uploads\/2022\/11\/qualita3-480x320.jpg 480w\" sizes=\"auto, (min-width: 0px) and (max-width: 480px) 480px, (min-width: 481px) 900px, 100vw\" \/><\/figure>\n<\/div>\n<\/div>\n\n\n\n<div class=\"wp-block-columns is-layout-flex wp-container-core-columns-is-layout-9d6595d7 wp-block-columns-is-layout-flex\">\n<div class=\"wp-block-column is-layout-flow wp-block-column-is-layout-flow\">\n<figure class=\"wp-block-image size-full\"><img loading=\"lazy\" decoding=\"async\" width=\"963\" height=\"600\" src=\"https:\/\/tgmmeccanicadiprecisione.it\/wp-content\/uploads\/2022\/11\/qualita5.jpg\" alt=\"\" class=\"wp-image-736\" srcset=\"https:\/\/tgmmeccanicadiprecisione.it\/wp-content\/uploads\/2022\/11\/qualita5.jpg 963w, https:\/\/tgmmeccanicadiprecisione.it\/wp-content\/uploads\/2022\/11\/qualita5-480x299.jpg 480w\" sizes=\"auto, (min-width: 0px) and (max-width: 480px) 480px, (min-width: 481px) 963px, 100vw\" \/><\/figure>\n<\/div>\n\n\n\n<div class=\"wp-block-column is-layout-flow wp-block-column-is-layout-flow\">\n<p>Das Personal arbeitet in einem Messraum mit Temperatur- und Feuchtigkeitskontrolle, der immer auf dem neuesten Stand ist, was Kurse und technische Unterlagen betrifft. Die zur Verf\u00fcgung stehende Instrumentierung ist komplett, der neuesten Generation; sie umfasst ein Metalloskop, Millesimalh\u00f6henmesser, TRIMOS und TESA, ROCKWELL und BRINNEL H\u00e4rtepr\u00fcfger\u00e4te, Rauheitsmessger\u00e4te, Schichtdickenmessger\u00e4te, WENZEL CMM-CNC Messmaschine mit kontinuierlicher Punktabtastung und Profilmessung, TAYLOR HOBSON Rundheitspr\u00fcfger\u00e4te und mehr. Dar\u00fcber hinaus werden aber auch alle in den Zertifizierungen UNI EN ISO 9001: 2015 und UNI EN ISO 14001: 2015 festgelegten Verfahren angewandt.<\/p>\n<\/div>\n<\/div>\n\n\n\n<div style=\"height:50px\" aria-hidden=\"true\" class=\"wp-block-spacer\"><\/div>\n\n\n\n<h2 class=\"wp-block-heading has-text-align-center\">VERWALTUNG DES PRODUKTIONSPROZESSES<\/h2>\n\n\n\n<p><\/p>\n\n\n\n<div class=\"wp-block-columns is-layout-flex wp-container-core-columns-is-layout-9d6595d7 wp-block-columns-is-layout-flex\">\n<div class=\"wp-block-column is-layout-flow wp-block-column-is-layout-flow\">\n<p>Das Unternehmen arbeitet nach pr\u00e4zisen Verfahren, die der Forderung nach hoher Qualit\u00e4t und R\u00fcckverfolgbarkeit der Chargen und Seriennummern Rechnung tragen.\u00a0Die Erfahrung aus verschiedenen Produktionen und die immer anspruchsvolleren Kunden haben TGM dazu veranlasst, einen vollst\u00e4ndigen Produktionsprozess zu entwickeln, der vom Eingang des Rohmaterials bis zum Versand oder zur Lagerung im Lager \u00fcberwacht und kontrolliert wird. Die TGM-Job-Sheets verfolgen alle Verarbeitungsschritte und garantieren exakte Abl\u00e4ufe und Endqualit\u00e4t. Die R\u00fcckverfolgung der gesamten Verarbeitung erm\u00f6glicht eine st\u00e4ndige Effizienzkontrolle und kontinuierliche Verbesserung.\u00a0Der Einsatz von Barcodes und On-Board-Terminals hat die Erfassung und Verwaltung von Produktions- und Logistikdaten im Laufe der Jahre verbessert.<\/p>\n<\/div>\n<\/div>\n\n\n\n<div style=\"height:50px\" aria-hidden=\"true\" class=\"wp-block-spacer\"><\/div>\n\n\n\n<figure class=\"wp-block-image size-large\"><img loading=\"lazy\" decoding=\"async\" width=\"1024\" height=\"682\" src=\"https:\/\/tgmmeccanicadiprecisione.it\/wp-content\/uploads\/2022\/12\/Tracciabilita-scheda-lavorazione-1024x682.jpg\" alt=\"\" class=\"wp-image-855\" srcset=\"https:\/\/tgmmeccanicadiprecisione.it\/wp-content\/uploads\/2022\/12\/Tracciabilita-scheda-lavorazione-980x653.jpg 980w, https:\/\/tgmmeccanicadiprecisione.it\/wp-content\/uploads\/2022\/12\/Tracciabilita-scheda-lavorazione-480x320.jpg 480w\" sizes=\"auto, (min-width: 0px) and (max-width: 480px) 480px, (min-width: 481px) and (max-width: 980px) 980px, (min-width: 981px) 1024px, 100vw\" \/><\/figure>\n","protected":false},"excerpt":{"rendered":"<p>Das Wort Qualit\u00e4t begleitet uns t\u00e4glich in allen unseren Produktionsprozessen. Innerbetriebliche Pr\u00fcfungen zur Kontrolle der Abmessungen und der Metallurgie garantieren die Qualit\u00e4t der Produktion und die Einhaltung der in den entsprechenden Kundenhandb\u00fcchern geforderten Standards. Je nach Bedarf k\u00f6nnen wir Stichprobenkontrollen f\u00fcr jedes mechanische Bauteil in der Produktion durchf\u00fchren und dabei die Art und H\u00e4ufigkeit der [&hellip;]<\/p>\n","protected":false},"author":1,"featured_media":1760,"parent":1914,"menu_order":0,"comment_status":"closed","ping_status":"closed","template":"","meta":{"_et_pb_use_builder":"off","_et_pb_old_content":"","_et_gb_content_width":"","footnotes":""},"class_list":["post-1951","page","type-page","status-publish","has-post-thumbnail","hentry"],"yoast_head":"<!-- This site is optimized with the Yoast SEO plugin v20.1 - https:\/\/yoast.com\/wordpress\/plugins\/seo\/ -->\n<title>Qualit\u00e4ts- und Produktionsprozessmanagement &mdash; TGM<\/title>\n<meta name=\"description\" content=\"Indem wir jeden Tag pr\u00e4zise Produktionsphasen mit den erforderlichen hohen Qualit\u00e4ts- und R\u00fcckverfolgbarkeitsstandards einhalten \u2026\" \/>\n<meta name=\"robots\" content=\"index, follow, max-snippet:-1, max-image-preview:large, max-video-preview:-1\" \/>\n<link rel=\"canonical\" href=\"https:\/\/www.tgmsrl.com\/de\/tgm-qualitaetslieferant-fuer-mechanische-praezisionsbearbeitung\/qualitaets-und-produktionsprozessmanagement\/\" \/>\n<meta property=\"og:locale\" content=\"de_DE\" \/>\n<meta property=\"og:type\" content=\"article\" \/>\n<meta property=\"og:title\" content=\"Qualit\u00e4ts- und Produktionsprozessmanagement &mdash; TGM\" \/>\n<meta property=\"og:description\" content=\"Indem wir jeden Tag pr\u00e4zise Produktionsphasen mit den erforderlichen hohen Qualit\u00e4ts- und R\u00fcckverfolgbarkeitsstandards einhalten \u2026\" \/>\n<meta property=\"og:url\" content=\"https:\/\/www.tgmsrl.com\/de\/tgm-qualitaetslieferant-fuer-mechanische-praezisionsbearbeitung\/qualitaets-und-produktionsprozessmanagement\/\" \/>\n<meta property=\"og:site_name\" content=\"TGM\" \/>\n<meta property=\"article:modified_time\" content=\"2025-09-03T14:30:48+00:00\" \/>\n<meta property=\"og:image\" content=\"https:\/\/www.tgmsrl.com\/wp-content\/uploads\/2022\/11\/qualita.jpg\" \/>\n\t<meta property=\"og:image:width\" content=\"900\" \/>\n\t<meta property=\"og:image:height\" content=\"264\" \/>\n\t<meta property=\"og:image:type\" content=\"image\/jpeg\" \/>\n<script type=\"application\/ld+json\" class=\"yoast-schema-graph\">{\"@context\":\"https:\/\/schema.org\",\"@graph\":[{\"@type\":\"WebPage\",\"@id\":\"https:\/\/www.tgmsrl.com\/de\/tgm-qualitaetslieferant-fuer-mechanische-praezisionsbearbeitung\/qualitaets-und-produktionsprozessmanagement\/\",\"url\":\"https:\/\/www.tgmsrl.com\/de\/tgm-qualitaetslieferant-fuer-mechanische-praezisionsbearbeitung\/qualitaets-und-produktionsprozessmanagement\/\",\"name\":\"Qualit\u00e4ts- und Produktionsprozessmanagement &mdash; TGM\",\"isPartOf\":{\"@id\":\"https:\/\/tgmmeccanicadiprecisione.it\/#website\"},\"datePublished\":\"2022-10-19T09:29:24+00:00\",\"dateModified\":\"2025-09-03T14:30:48+00:00\",\"description\":\"Indem wir jeden Tag pr\u00e4zise Produktionsphasen mit den erforderlichen hohen Qualit\u00e4ts- und R\u00fcckverfolgbarkeitsstandards einhalten \u2026\",\"breadcrumb\":{\"@id\":\"https:\/\/www.tgmsrl.com\/de\/tgm-qualitaetslieferant-fuer-mechanische-praezisionsbearbeitung\/qualitaets-und-produktionsprozessmanagement\/#breadcrumb\"},\"inLanguage\":\"de\",\"potentialAction\":[{\"@type\":\"ReadAction\",\"target\":[\"https:\/\/www.tgmsrl.com\/de\/tgm-qualitaetslieferant-fuer-mechanische-praezisionsbearbeitung\/qualitaets-und-produktionsprozessmanagement\/\"]}]},{\"@type\":\"BreadcrumbList\",\"@id\":\"https:\/\/www.tgmsrl.com\/de\/tgm-qualitaetslieferant-fuer-mechanische-praezisionsbearbeitung\/qualitaets-und-produktionsprozessmanagement\/#breadcrumb\",\"itemListElement\":[{\"@type\":\"ListItem\",\"position\":1,\"name\":\"Home\",\"item\":\"https:\/\/www.tgmsrl.com\/de\/\"},{\"@type\":\"ListItem\",\"position\":2,\"name\":\"Das unternehmen\",\"item\":\"https:\/\/mail.tgmmeccanicadiprecisione.it\/de\/tgm-qualitaetslieferant-fuer-mechanische-praezisionsbearbeitung\/\"},{\"@type\":\"ListItem\",\"position\":3,\"name\":\"Qualit\u00e4ts- und Produktionsprozessmanagement\"}]},{\"@type\":\"WebSite\",\"@id\":\"https:\/\/tgmmeccanicadiprecisione.it\/#website\",\"url\":\"https:\/\/tgmmeccanicadiprecisione.it\/\",\"name\":\"TGM\",\"description\":\"Lavorazioni meccaniche di precisione\",\"publisher\":{\"@id\":\"https:\/\/tgmmeccanicadiprecisione.it\/#organization\"},\"alternateName\":\"TGM Meccanica di precisione\",\"potentialAction\":[{\"@type\":\"SearchAction\",\"target\":{\"@type\":\"EntryPoint\",\"urlTemplate\":\"https:\/\/tgmmeccanicadiprecisione.it\/?s={search_term_string}\"},\"query-input\":\"required name=search_term_string\"}],\"inLanguage\":\"de\"},{\"@type\":\"Organization\",\"@id\":\"https:\/\/tgmmeccanicadiprecisione.it\/#organization\",\"name\":\"TGM\",\"alternateName\":\"TGM Lavorazioni meccaniche di precisione\",\"url\":\"https:\/\/tgmmeccanicadiprecisione.it\/\",\"logo\":{\"@type\":\"ImageObject\",\"inLanguage\":\"de\",\"@id\":\"https:\/\/tgmmeccanicadiprecisione.it\/#\/schema\/logo\/image\/\",\"url\":\"https:\/\/tgmsrl.com\/wp-content\/uploads\/2022\/12\/cropped-logo-icona-sito.png\",\"contentUrl\":\"https:\/\/tgmsrl.com\/wp-content\/uploads\/2022\/12\/cropped-logo-icona-sito.png\",\"width\":512,\"height\":512,\"caption\":\"TGM\"},\"image\":{\"@id\":\"https:\/\/tgmmeccanicadiprecisione.it\/#\/schema\/logo\/image\/\"}}]}<\/script>\n<!-- \/ Yoast SEO plugin. -->","yoast_head_json":{"title":"Qualit\u00e4ts- und Produktionsprozessmanagement &mdash; TGM","description":"Indem wir jeden Tag pr\u00e4zise Produktionsphasen mit den erforderlichen hohen Qualit\u00e4ts- und R\u00fcckverfolgbarkeitsstandards einhalten \u2026","robots":{"index":"index","follow":"follow","max-snippet":"max-snippet:-1","max-image-preview":"max-image-preview:large","max-video-preview":"max-video-preview:-1"},"canonical":"https:\/\/www.tgmsrl.com\/de\/tgm-qualitaetslieferant-fuer-mechanische-praezisionsbearbeitung\/qualitaets-und-produktionsprozessmanagement\/","og_locale":"de_DE","og_type":"article","og_title":"Qualit\u00e4ts- und Produktionsprozessmanagement &mdash; TGM","og_description":"Indem wir jeden Tag pr\u00e4zise Produktionsphasen mit den erforderlichen hohen Qualit\u00e4ts- und R\u00fcckverfolgbarkeitsstandards einhalten \u2026","og_url":"https:\/\/www.tgmsrl.com\/de\/tgm-qualitaetslieferant-fuer-mechanische-praezisionsbearbeitung\/qualitaets-und-produktionsprozessmanagement\/","og_site_name":"TGM","article_modified_time":"2025-09-03T14:30:48+00:00","og_image":[{"width":900,"height":264,"url":"https:\/\/www.tgmsrl.com\/wp-content\/uploads\/2022\/11\/qualita.jpg","type":"image\/jpeg"}],"schema":{"@context":"https:\/\/schema.org","@graph":[{"@type":"WebPage","@id":"https:\/\/www.tgmsrl.com\/de\/tgm-qualitaetslieferant-fuer-mechanische-praezisionsbearbeitung\/qualitaets-und-produktionsprozessmanagement\/","url":"https:\/\/www.tgmsrl.com\/de\/tgm-qualitaetslieferant-fuer-mechanische-praezisionsbearbeitung\/qualitaets-und-produktionsprozessmanagement\/","name":"Qualit\u00e4ts- und Produktionsprozessmanagement &mdash; TGM","isPartOf":{"@id":"https:\/\/tgmmeccanicadiprecisione.it\/#website"},"datePublished":"2022-10-19T09:29:24+00:00","dateModified":"2025-09-03T14:30:48+00:00","description":"Indem wir jeden Tag pr\u00e4zise Produktionsphasen mit den erforderlichen hohen Qualit\u00e4ts- und R\u00fcckverfolgbarkeitsstandards einhalten \u2026","breadcrumb":{"@id":"https:\/\/www.tgmsrl.com\/de\/tgm-qualitaetslieferant-fuer-mechanische-praezisionsbearbeitung\/qualitaets-und-produktionsprozessmanagement\/#breadcrumb"},"inLanguage":"de","potentialAction":[{"@type":"ReadAction","target":["https:\/\/www.tgmsrl.com\/de\/tgm-qualitaetslieferant-fuer-mechanische-praezisionsbearbeitung\/qualitaets-und-produktionsprozessmanagement\/"]}]},{"@type":"BreadcrumbList","@id":"https:\/\/www.tgmsrl.com\/de\/tgm-qualitaetslieferant-fuer-mechanische-praezisionsbearbeitung\/qualitaets-und-produktionsprozessmanagement\/#breadcrumb","itemListElement":[{"@type":"ListItem","position":1,"name":"Home","item":"https:\/\/www.tgmsrl.com\/de\/"},{"@type":"ListItem","position":2,"name":"Das unternehmen","item":"https:\/\/mail.tgmmeccanicadiprecisione.it\/de\/tgm-qualitaetslieferant-fuer-mechanische-praezisionsbearbeitung\/"},{"@type":"ListItem","position":3,"name":"Qualit\u00e4ts- und Produktionsprozessmanagement"}]},{"@type":"WebSite","@id":"https:\/\/tgmmeccanicadiprecisione.it\/#website","url":"https:\/\/tgmmeccanicadiprecisione.it\/","name":"TGM","description":"Lavorazioni meccaniche di precisione","publisher":{"@id":"https:\/\/tgmmeccanicadiprecisione.it\/#organization"},"alternateName":"TGM Meccanica di precisione","potentialAction":[{"@type":"SearchAction","target":{"@type":"EntryPoint","urlTemplate":"https:\/\/tgmmeccanicadiprecisione.it\/?s={search_term_string}"},"query-input":"required name=search_term_string"}],"inLanguage":"de"},{"@type":"Organization","@id":"https:\/\/tgmmeccanicadiprecisione.it\/#organization","name":"TGM","alternateName":"TGM Lavorazioni meccaniche di precisione","url":"https:\/\/tgmmeccanicadiprecisione.it\/","logo":{"@type":"ImageObject","inLanguage":"de","@id":"https:\/\/tgmmeccanicadiprecisione.it\/#\/schema\/logo\/image\/","url":"https:\/\/tgmsrl.com\/wp-content\/uploads\/2022\/12\/cropped-logo-icona-sito.png","contentUrl":"https:\/\/tgmsrl.com\/wp-content\/uploads\/2022\/12\/cropped-logo-icona-sito.png","width":512,"height":512,"caption":"TGM"},"image":{"@id":"https:\/\/tgmmeccanicadiprecisione.it\/#\/schema\/logo\/image\/"}}]}},"_links":{"self":[{"href":"https:\/\/tgmmeccanicadiprecisione.it\/de\/wp-json\/wp\/v2\/pages\/1951","targetHints":{"allow":["GET"]}}],"collection":[{"href":"https:\/\/tgmmeccanicadiprecisione.it\/de\/wp-json\/wp\/v2\/pages"}],"about":[{"href":"https:\/\/tgmmeccanicadiprecisione.it\/de\/wp-json\/wp\/v2\/types\/page"}],"author":[{"embeddable":true,"href":"https:\/\/tgmmeccanicadiprecisione.it\/de\/wp-json\/wp\/v2\/users\/1"}],"replies":[{"embeddable":true,"href":"https:\/\/tgmmeccanicadiprecisione.it\/de\/wp-json\/wp\/v2\/comments?post=1951"}],"version-history":[{"count":6,"href":"https:\/\/tgmmeccanicadiprecisione.it\/de\/wp-json\/wp\/v2\/pages\/1951\/revisions"}],"predecessor-version":[{"id":1961,"href":"https:\/\/tgmmeccanicadiprecisione.it\/de\/wp-json\/wp\/v2\/pages\/1951\/revisions\/1961"}],"up":[{"embeddable":true,"href":"https:\/\/tgmmeccanicadiprecisione.it\/de\/wp-json\/wp\/v2\/pages\/1914"}],"wp:featuredmedia":[{"embeddable":true,"href":"https:\/\/tgmmeccanicadiprecisione.it\/de\/wp-json\/wp\/v2\/media\/1760"}],"wp:attachment":[{"href":"https:\/\/tgmmeccanicadiprecisione.it\/de\/wp-json\/wp\/v2\/media?parent=1951"}],"curies":[{"name":"wp","href":"https:\/\/api.w.org\/{rel}","templated":true}]}}